{"id":16596,"date":"2026-04-09T15:59:12","date_gmt":"2026-04-09T15:59:12","guid":{"rendered":"https:\/\/allinofficepty.com\/?post_type=product&#038;p=16596"},"modified":"2026-04-09T16:09:25","modified_gmt":"2026-04-09T16:09:25","slug":"silla-ergonomica-de-oficina-con-respaldo-de-altura-media","status":"publish","type":"product","link":"https:\/\/allinofficepty.com\/es\/producto\/silla-ergonomica-de-oficina-con-respaldo-de-altura-media\/","title":{"rendered":"Silla ergon\u00f3mica de oficina con respaldo de altura media"},"content":{"rendered":"<p><strong>\ud83e\ude91 Caracter\u00edsticas<\/strong><br \/>\nTapicer\u00eda: Tela \/ malla (mesh)<br \/>\nColor: Negro<br \/>\nBase de 5 radios: Pl\u00e1stica<br \/>\nReposabrazos: S\u00ed<br \/>\nPeso m\u00e1ximo del usuario: Hasta 130 kg<br \/>\nTipo de silla: De trabajo (oficina)<\/p>\n<p><strong>Descripci\u00f3n<\/strong><\/p>\n<p>Silla ergon\u00f3mica de oficina con respaldo de altura media.<\/p>\n<ul>\n<li>Respaldo totalmente tapizado en tela de malla (mesh).<br \/>\nAsiento hecho de espuma memory (viscoel\u00e1stica) y tapizado en tela.<br \/>\nSoporte lumbar.<br \/>\nPist\u00f3n de gas para ajustar la altura del asiento.<br \/>\nMecanismo basculante (de balanceo) con posibilidad de bloqueo en posici\u00f3n inicial.<br \/>\nAjuste de la fuerza del balanceo seg\u00fan el peso del usuario.<br \/>\nReposabrazos fijos de pl\u00e1stico.<br \/>\nBase pl\u00e1stica de 5 radios.<br \/>\n\u2696\ufe0f Capacidad<br \/>\nPeso m\u00e1ximo: hasta 130 kg<br \/>\nGarant\u00eda: 2 a\u00f1os<br \/>\n\ud83d\udcd0<strong> Dimensiones<\/strong><br \/>\nAltura total: 96 \u2013 106 cm<br \/>\nAncho total: 58 cm<br \/>\nProfundidad total: 53 cm<br \/>\nAncho del asiento: 48 cm<br \/>\nProfundidad del asiento: 50 cm<br \/>\nAltura del asiento desde el suelo: 48 \u2013 58 cm<br \/>\nAltura del respaldo: 58 cm<br \/>\nDi\u00e1metro de la base: 68 cm<\/li>\n<\/ul>\n<p>Garant\u00eda de 12 meses solo en ruedas, cilindro y base (la estrella).<\/p>","protected":false},"excerpt":{"rendered":"<ul>\n<li>Respaldo totalmente tapizado en tela de malla (mesh).<br \/>\nAsiento hecho de espuma memory (viscoel\u00e1stica) y tapizado en tela.<br \/>\nSoporte lumbar.<br \/>\nPist\u00f3n de gas para ajustar la altura del asiento.<br \/>\nMecanismo basculante (de balanceo) con posibilidad de bloqueo en posici\u00f3n inicial.<\/li>\n<\/ul>","protected":false},"featured_media":16597,"template":"","meta":{"_monsterinsights_skip_tracking":false,"_monsterinsights_sitenote_active":false,"_monsterinsights_sitenote_note":"","_monsterinsights_sitenote_category":0},"product_brand":[],"product_cat":[46,72,64],"product_tag":[],"class_list":{"0":"post-16596","1":"product","2":"type-product","3":"status-publish","4":"has-post-thumbnail","6":"product_cat-sillas-oficina","7":"product_cat-sillas-ergonomicas","8":"product_cat-sillas-operativas","10":"first","11":"instock","12":"taxable","13":"shipping-taxable","14":"purchasable","15":"product-type-simple"},"yoast_head":"<!-- This site is optimized with the Yoast SEO plugin v27.3 - https:\/\/yoast.com\/product\/yoast-seo-wordpress\/ -->\n<title>Silla ergon\u00f3mica de oficina con respaldo de altura media - ALL IN OFFICE PTY<\/title>\n<meta name=\"robots\" content=\"index, follow, max-snippet:-1, max-image-preview:large, max-video-preview:-1\" \/>\n<link rel=\"canonical\" href=\"https:\/\/allinofficepty.com\/es\/?post_type=product&p=16596\" \/>\n<meta property=\"og:locale\" content=\"es_ES\" \/>\n<meta property=\"og:type\" content=\"article\" \/>\n<meta property=\"og:title\" content=\"Silla ergon\u00f3mica de oficina con respaldo de altura media - ALL IN OFFICE PTY\" \/>\n<meta property=\"og:description\" content=\"Respaldo totalmente tapizado en tela de malla (mesh). Asiento hecho de espuma memory (viscoel\u00e1stica) y tapizado en tela. Soporte lumbar. Pist\u00f3n de gas para ajustar la altura del asiento. Mecanismo basculante (de balanceo) con posibilidad de bloqueo en posici\u00f3n inicial.\" \/>\n<meta property=\"og:url\" content=\"https:\/\/allinofficepty.com\/es\/?post_type=product&amp;p=16596\" \/>\n<meta property=\"og:site_name\" content=\"ALL IN OFFICE PTY\" \/>\n<meta property=\"article:modified_time\" content=\"2026-04-09T16:09:25+00:00\" \/>\n<meta name=\"twitter:card\" content=\"summary_large_image\" \/>\n<meta name=\"twitter:label1\" content=\"Tiempo de lectura\" \/>\n\t<meta name=\"twitter:data1\" content=\"1 minuto\" \/>\n<script type=\"application\/ld+json\" class=\"yoast-schema-graph\">{\"@context\":\"https:\\\/\\\/schema.org\",\"@graph\":[{\"@type\":\"WebPage\",\"@id\":\"https:\\\/\\\/allinofficepty.com\\\/?post_type=product&p=16596\",\"url\":\"https:\\\/\\\/allinofficepty.com\\\/?post_type=product&p=16596\",\"name\":\"Silla ergon\u00f3mica de oficina con respaldo de altura media - ALL IN OFFICE PTY\",\"isPartOf\":{\"@id\":\"https:\\\/\\\/allinofficepty.com\\\/#website\"},\"primaryImageOfPage\":{\"@id\":\"https:\\\/\\\/allinofficepty.com\\\/?post_type=product&p=16596#primaryimage\"},\"image\":{\"@id\":\"https:\\\/\\\/allinofficepty.com\\\/?post_type=product&p=16596#primaryimage\"},\"thumbnailUrl\":\"https:\\\/\\\/allinofficepty.com\\\/wp-content\\\/uploads\\\/2026\\\/04\\\/50159.jpg\",\"datePublished\":\"2026-04-09T15:59:12+00:00\",\"dateModified\":\"2026-04-09T16:09:25+00:00\",\"breadcrumb\":{\"@id\":\"https:\\\/\\\/allinofficepty.com\\\/?post_type=product&p=16596#breadcrumb\"},\"inLanguage\":\"es\",\"potentialAction\":[{\"@type\":\"ReadAction\",\"target\":[\"https:\\\/\\\/allinofficepty.com\\\/?post_type=product&p=16596\"]}]},{\"@type\":\"ImageObject\",\"inLanguage\":\"es\",\"@id\":\"https:\\\/\\\/allinofficepty.com\\\/?post_type=product&p=16596#primaryimage\",\"url\":\"https:\\\/\\\/allinofficepty.com\\\/wp-content\\\/uploads\\\/2026\\\/04\\\/50159.jpg\",\"contentUrl\":\"https:\\\/\\\/allinofficepty.com\\\/wp-content\\\/uploads\\\/2026\\\/04\\\/50159.jpg\",\"width\":1000,\"height\":1000},{\"@type\":\"BreadcrumbList\",\"@id\":\"https:\\\/\\\/allinofficepty.com\\\/?post_type=product&p=16596#breadcrumb\",\"itemListElement\":[{\"@type\":\"ListItem\",\"position\":1,\"name\":\"Home\",\"item\":\"https:\\\/\\\/allinofficepty.com\\\/\"},{\"@type\":\"ListItem\",\"position\":2,\"name\":\"Tienda\",\"item\":\"https:\\\/\\\/allinofficepty.com\\\/tienda-online\\\/\"},{\"@type\":\"ListItem\",\"position\":3,\"name\":\"Silla ergon\u00f3mica de oficina con respaldo de altura media\"}]},{\"@type\":\"WebSite\",\"@id\":\"https:\\\/\\\/allinofficepty.com\\\/#website\",\"url\":\"https:\\\/\\\/allinofficepty.com\\\/\",\"name\":\"ALL IN OFFICE PTY\",\"description\":\"Mobiliario de Oficina de alta calidad\",\"potentialAction\":[{\"@type\":\"SearchAction\",\"target\":{\"@type\":\"EntryPoint\",\"urlTemplate\":\"https:\\\/\\\/allinofficepty.com\\\/?s={search_term_string}\"},\"query-input\":{\"@type\":\"PropertyValueSpecification\",\"valueRequired\":true,\"valueName\":\"search_term_string\"}}],\"inLanguage\":\"es\"}]}<\/script>\n<!-- \/ Yoast SEO plugin. -->","yoast_head_json":{"title":"Silla ergon\u00f3mica de oficina con respaldo de altura media - ALL IN OFFICE PTY","robots":{"index":"index","follow":"follow","max-snippet":"max-snippet:-1","max-image-preview":"max-image-preview:large","max-video-preview":"max-video-preview:-1"},"canonical":"https:\/\/allinofficepty.com\/es\/?post_type=product&p=16596","og_locale":"es_ES","og_type":"article","og_title":"Silla ergon\u00f3mica de oficina con respaldo de altura media - ALL IN OFFICE PTY","og_description":"Respaldo totalmente tapizado en tela de malla (mesh). Asiento hecho de espuma memory (viscoel\u00e1stica) y tapizado en tela. Soporte lumbar. Pist\u00f3n de gas para ajustar la altura del asiento. Mecanismo basculante (de balanceo) con posibilidad de bloqueo en posici\u00f3n inicial.","og_url":"https:\/\/allinofficepty.com\/es\/?post_type=product&p=16596","og_site_name":"ALL IN OFFICE PTY","article_modified_time":"2026-04-09T16:09:25+00:00","twitter_card":"summary_large_image","twitter_misc":{"Tiempo de lectura":"1 minuto"},"schema":{"@context":"https:\/\/schema.org","@graph":[{"@type":"WebPage","@id":"https:\/\/allinofficepty.com\/?post_type=product&p=16596","url":"https:\/\/allinofficepty.com\/?post_type=product&p=16596","name":"Silla ergon\u00f3mica de oficina con respaldo de altura media - ALL IN OFFICE PTY","isPartOf":{"@id":"https:\/\/allinofficepty.com\/#website"},"primaryImageOfPage":{"@id":"https:\/\/allinofficepty.com\/?post_type=product&p=16596#primaryimage"},"image":{"@id":"https:\/\/allinofficepty.com\/?post_type=product&p=16596#primaryimage"},"thumbnailUrl":"https:\/\/allinofficepty.com\/wp-content\/uploads\/2026\/04\/50159.jpg","datePublished":"2026-04-09T15:59:12+00:00","dateModified":"2026-04-09T16:09:25+00:00","breadcrumb":{"@id":"https:\/\/allinofficepty.com\/?post_type=product&p=16596#breadcrumb"},"inLanguage":"es","potentialAction":[{"@type":"ReadAction","target":["https:\/\/allinofficepty.com\/?post_type=product&p=16596"]}]},{"@type":"ImageObject","inLanguage":"es","@id":"https:\/\/allinofficepty.com\/?post_type=product&p=16596#primaryimage","url":"https:\/\/allinofficepty.com\/wp-content\/uploads\/2026\/04\/50159.jpg","contentUrl":"https:\/\/allinofficepty.com\/wp-content\/uploads\/2026\/04\/50159.jpg","width":1000,"height":1000},{"@type":"BreadcrumbList","@id":"https:\/\/allinofficepty.com\/?post_type=product&p=16596#breadcrumb","itemListElement":[{"@type":"ListItem","position":1,"name":"Home","item":"https:\/\/allinofficepty.com\/"},{"@type":"ListItem","position":2,"name":"Tienda","item":"https:\/\/allinofficepty.com\/tienda-online\/"},{"@type":"ListItem","position":3,"name":"Silla ergon\u00f3mica de oficina con respaldo de altura media"}]},{"@type":"WebSite","@id":"https:\/\/allinofficepty.com\/#website","url":"https:\/\/allinofficepty.com\/","name":"ALL IN OFFICE PTY","description":"Mobiliario de Oficina de alta calidad","potentialAction":[{"@type":"SearchAction","target":{"@type":"EntryPoint","urlTemplate":"https:\/\/allinofficepty.com\/?s={search_term_string}"},"query-input":{"@type":"PropertyValueSpecification","valueRequired":true,"valueName":"search_term_string"}}],"inLanguage":"es"}]}},"_links":{"self":[{"href":"https:\/\/allinofficepty.com\/es\/wp-json\/wp\/v2\/product\/16596","targetHints":{"allow":["GET"]}}],"collection":[{"href":"https:\/\/allinofficepty.com\/es\/wp-json\/wp\/v2\/product"}],"about":[{"href":"https:\/\/allinofficepty.com\/es\/wp-json\/wp\/v2\/types\/product"}],"wp:featuredmedia":[{"embeddable":true,"href":"https:\/\/allinofficepty.com\/es\/wp-json\/wp\/v2\/media\/16597"}],"wp:attachment":[{"href":"https:\/\/allinofficepty.com\/es\/wp-json\/wp\/v2\/media?parent=16596"}],"wp:term":[{"taxonomy":"product_brand","embeddable":true,"href":"https:\/\/allinofficepty.com\/es\/wp-json\/wp\/v2\/product_brand?post=16596"},{"taxonomy":"product_cat","embeddable":true,"href":"https:\/\/allinofficepty.com\/es\/wp-json\/wp\/v2\/product_cat?post=16596"},{"taxonomy":"product_tag","embeddable":true,"href":"https:\/\/allinofficepty.com\/es\/wp-json\/wp\/v2\/product_tag?post=16596"}],"curies":[{"name":"wp","href":"https:\/\/api.w.org\/{rel}","templated":true}]}}